{"id":32,"date":"2022-02-19T11:54:31","date_gmt":"2022-02-19T11:54:31","guid":{"rendered":"http:\/\/movca.org\/?page_id=32"},"modified":"2024-04-10T11:52:27","modified_gmt":"2024-04-10T08:52:27","slug":"join-us","status":"publish","type":"page","link":"https:\/\/movca.md\/ro\/join-us\/","title":{"rendered":"Devino membru"},"content":{"rendered":"\t\t<div data-elementor-type=\"wp-page\" data-elementor-id=\"32\" class=\"elementor elementor-32\">\n\t\t\t\t\t\t\t\t\t<section class=\"elementor-section elementor-top-section elementor-element elementor-element-d8320bc elementor-section-boxed elementor-section-height-default elementor-section-height-default\" data-id=\"d8320bc\" data-element_type=\"section\">\n\t\t\t\t\t\t<div class=\"elementor-container elementor-column-gap-default\">\n\t\t\t\t\t<div class=\"elementor-column elementor-col-100 elementor-top-column elementor-element elementor-element-e2a2655\" data-id=\"e2a2655\" data-element_type=\"column\">\n\t\t\t<div class=\"elementor-widget-wrap elementor-element-populated\">\n\t\t\t\t\t\t\t\t<div class=\"elementor-element elementor-element-2ae1497 elementor-widget elementor-widget-heading\" data-id=\"2ae1497\" data-element_type=\"widget\" data-widget_type=\"heading.default\">\n\t\t\t\t<div class=\"elementor-widget-container\">\n\t\t\t<style>\/*! elementor - v3.6.6 - 08-06-2022 *\/\n.elementor-heading-title{padding:0;margin:0;line-height:1}.elementor-widget-heading .elementor-heading-title[class*=elementor-size-]>a{color:inherit;font-size:inherit;line-height:inherit}.elementor-widget-heading .elementor-heading-title.elementor-size-small{font-size:15px}.elementor-widget-heading .elementor-heading-title.elementor-size-medium{font-size:19px}.elementor-widget-heading .elementor-heading-title.elementor-size-large{font-size:29px}.elementor-widget-heading .elementor-heading-title.elementor-size-xl{font-size:39px}.elementor-widget-heading .elementor-heading-title.elementor-size-xxl{font-size:59px}<\/style><h2 class=\"elementor-heading-title elementor-size-default\"><span class=\"elementor-heading-title elementor-size-default\" style=\"caret-color: rgb(0, 0, 0); white-space: normal; font-size: 2rem;\">Devino membru<\/span><\/h2>\t\t<\/div>\n\t\t\t\t<\/div>\n\t\t\t\t<div class=\"elementor-element elementor-element-9c7f9bd elementor-widget elementor-widget-text-editor\" data-id=\"9c7f9bd\" data-element_type=\"widget\" data-widget_type=\"text-editor.default\">\n\t\t\t\t<div class=\"elementor-widget-container\">\n\t\t\t<style>\/*! elementor - v3.6.6 - 08-06-2022 *\/\n.elementor-widget-text-editor.elementor-drop-cap-view-stacked .elementor-drop-cap{background-color:#818a91;color:#fff}.elementor-widget-text-editor.elementor-drop-cap-view-framed .elementor-drop-cap{color:#818a91;border:3px solid;background-color:transparent}.elementor-widget-text-editor:not(.elementor-drop-cap-view-default) .elementor-drop-cap{margin-top:8px}.elementor-widget-text-editor:not(.elementor-drop-cap-view-default) .elementor-drop-cap-letter{width:1em;height:1em}.elementor-widget-text-editor .elementor-drop-cap{float:left;text-align:center;line-height:1;font-size:50px}.elementor-widget-text-editor .elementor-drop-cap-letter{display:inline-block}<\/style>\t\t\t\t<p>Suntem o asocia\u021bie neguvernamental\u0103, bazat\u0103 pe membri, pentru agricultura ecologic\u0103 \u0219i produsele ecologice din Republica Moldova. Prin crearea de re\u021bele, advocacy \u0219i o gam\u0103 larg\u0103 de servicii \u0219i activit\u0103\u021bi, lucr\u0103m \u00eempreun\u0103 pentru a \u00eencuraja adoptarea practicilor de agricultur\u0103 ecologic\u0103 \u00een Moldova. Ne angaj\u0103m s\u0103 \u00eemp\u0103rt\u0103\u0219im ve\u0219tile bune despre impactul pozitiv a practicelor ecologice asupra durabilit\u0103\u021bii pe termen lung pentru terenurile agricole \u0219i mediu. De asemenea, transmitem consumatorilor, comercian\u021bilor cu am\u0103nuntul, mass-media \u0219i altor actori \u00een s\u0103n\u0103tatea \u0219i mijloacele de trai ale tuturor moldovenilor atributele nutri\u021bionale superioare ale produselor ecologice.<\/p><p>\u00a0<\/p><p>Membrii no\u0219tri sunt fermieri-produc\u0103tori, procesatori, exportatori, consultan\u021bi, comercian\u021bi cu am\u0103nuntul, consumatori activi, organiza\u021bii \u0219i alte p\u0103r\u021bi interesate. Invit\u0103m pe oricine care este interesat de cultivarea \u0219i consumul ecologic s\u0103 se al\u0103ture organiza\u021biei noastre. Exist\u0103 mai multe op\u021biuni diferite de aderare.<\/p><h2 style=\"margin-top: 0.5rem; margin-bottom: 1rem; font-family: Circe, roboto; line-height: 1.2; font-size: 2rem;\">Avem 5 categorii de membri:<\/h2><div>\u00a0<\/div>\t\t\t\t\t\t<\/div>\n\t\t\t\t<\/div>\n\t\t\t\t\t<\/div>\n\t\t<\/div>\n\t\t\t\t\t\t\t<\/div>\n\t\t<\/section>\n\t\t\t\t<section class=\"elementor-section elementor-top-section elementor-element elementor-element-7ab83f6 elementor-section-boxed elementor-section-height-default elementor-section-height-default\" data-id=\"7ab83f6\" data-element_type=\"section\">\n\t\t\t\t\t\t<div class=\"elementor-container elementor-column-gap-default\">\n\t\t\t\t\t<div class=\"elementor-column elementor-col-20 elementor-top-column elementor-element elementor-element-6ed0ee7\" data-id=\"6ed0ee7\" data-element_type=\"column\">\n\t\t\t<div class=\"elementor-widget-wrap elementor-element-populated\">\n\t\t\t\t\t\t\t\t<div class=\"elementor-element elementor-element-e50590f elementor-position-top elementor-vertical-align-top elementor-widget elementor-widget-image-box\" data-id=\"e50590f\" data-element_type=\"widget\" data-widget_type=\"image-box.default\">\n\t\t\t\t<div class=\"elementor-widget-container\">\n\t\t\t<style>\/*! elementor - v3.6.6 - 08-06-2022 *\/\n.elementor-widget-image-box .elementor-image-box-content{width:100%}@media (min-width:768px){.elementor-widget-image-box.elementor-position-left .elementor-image-box-wrapper,.elementor-widget-image-box.elementor-position-right .elementor-image-box-wrapper{display:-webkit-box;display:-ms-flexbox;display:flex}.elementor-widget-image-box.elementor-position-right .elementor-image-box-wrapper{text-align:right;-webkit-box-orient:horizontal;-webkit-box-direction:reverse;-ms-flex-direction:row-reverse;flex-direction:row-reverse}.elementor-widget-image-box.elementor-position-left .elementor-image-box-wrapper{text-align:left;-webkit-box-orient:horizontal;-webkit-box-direction:normal;-ms-flex-direction:row;flex-direction:row}.elementor-widget-image-box.elementor-position-top .elementor-image-box-img{margin:auto}.elementor-widget-image-box.elementor-vertical-align-top .elementor-image-box-wrapper{-webkit-box-align:start;-ms-flex-align:start;align-items:flex-start}.elementor-widget-image-box.elementor-vertical-align-middle .elementor-image-box-wrapper{-webkit-box-align:center;-ms-flex-align:center;align-items:center}.elementor-widget-image-box.elementor-vertical-align-bottom .elementor-image-box-wrapper{-webkit-box-align:end;-ms-flex-align:end;align-items:flex-end}}@media (max-width:767px){.elementor-widget-image-box .elementor-image-box-img{margin-left:auto!important;margin-right:auto!important;margin-bottom:15px}}.elementor-widget-image-box .elementor-image-box-img{display:inline-block}.elementor-widget-image-box .elementor-image-box-title a{color:inherit}.elementor-widget-image-box .elementor-image-box-wrapper{text-align:center}.elementor-widget-image-box .elementor-image-box-description{margin:0}<\/style><div class=\"elementor-image-box-wrapper\"><figure class=\"elementor-image-box-img\"><img loading=\"lazy\" decoding=\"async\" width=\"512\" height=\"512\" src=\"https:\/\/movca.md\/wp-content\/uploads\/2022\/05\/organic-food-fruit-plant-004-512.webp\" class=\"attachment-full size-full\" alt=\"\" \/><\/figure><div class=\"elementor-image-box-content\"><h3 class=\"elementor-image-box-title\">A. Fermieri<br>(1-9 ha)<br><\/h3><p class=\"elementor-image-box-description\"><span style=\"font-size: 16px; white-space: normal;\">Fermieri certifica\u021bi ecologic sau cei ce doresc a se converti la agricultura ecologic\u0103 \u00een cur\u00e2nd ce au p\u00e2n\u0103 la 9 ha de teren.<\/span><\/p><\/div><\/div>\t\t<\/div>\n\t\t\t\t<\/div>\n\t\t\t\t\t<\/div>\n\t\t<\/div>\n\t\t\t\t<div class=\"elementor-column elementor-col-20 elementor-top-column elementor-element elementor-element-7bb910d\" data-id=\"7bb910d\" data-element_type=\"column\">\n\t\t\t<div class=\"elementor-widget-wrap elementor-element-populated\">\n\t\t\t\t\t\t\t\t<div class=\"elementor-element elementor-element-80c750d elementor-position-top elementor-vertical-align-top elementor-widget elementor-widget-image-box\" data-id=\"80c750d\" data-element_type=\"widget\" data-widget_type=\"image-box.default\">\n\t\t\t\t<div class=\"elementor-widget-container\">\n\t\t\t<div class=\"elementor-image-box-wrapper\"><figure class=\"elementor-image-box-img\"><img decoding=\"async\" src=\"https:\/\/movca.md\/wp-content\/uploads\/2024\/04\/360_F_577526376_mzZi34izP71RQClG3iEPAXJmyNTWPOLY-e1712739103135.jpg\" title=\"360_F_577526376_mzZi34izP71RQClG3iEPAXJmyNTWPOLY\" alt=\"360_F_577526376_mzZi34izP71RQClG3iEPAXJmyNTWPOLY\" \/><\/figure><div class=\"elementor-image-box-content\"><h3 class=\"elementor-image-box-title\">B.Fermieri<br>(9.01-<br>50 ha)<\/h3><p class=\"elementor-image-box-description\"><span style=\"font-size: 16px; white-space: normal;\">Fermieri certifica\u021bi ecologic sau cei ce doresc a se converti la agricultura ecologic\u0103 \u00een cur\u00e2nd ce au de la 9.01 p\u00e2n\u0103 la 50 ha de teren agricol.<\/span><\/p><\/div><\/div>\t\t<\/div>\n\t\t\t\t<\/div>\n\t\t\t\t\t<\/div>\n\t\t<\/div>\n\t\t\t\t<div class=\"elementor-column elementor-col-20 elementor-top-column elementor-element elementor-element-1a97261\" data-id=\"1a97261\" data-element_type=\"column\">\n\t\t\t<div class=\"elementor-widget-wrap elementor-element-populated\">\n\t\t\t\t\t\t\t\t<div class=\"elementor-element elementor-element-b400baa elementor-position-top elementor-vertical-align-top elementor-widget elementor-widget-image-box\" data-id=\"b400baa\" data-element_type=\"widget\" data-widget_type=\"image-box.default\">\n\t\t\t\t<div class=\"elementor-widget-container\">\n\t\t\t<div class=\"elementor-image-box-wrapper\"><figure class=\"elementor-image-box-img\"><img loading=\"lazy\" decoding=\"async\" width=\"860\" height=\"427\" src=\"https:\/\/movca.md\/wp-content\/uploads\/2022\/05\/23-233193_transparent-farmer-on-tractor-clipart-png-icon-farmer-1.png\" class=\"attachment-full size-full\" alt=\"\" \/><\/figure><div class=\"elementor-image-box-content\"><h3 class=\"elementor-image-box-title\">C.Fermieri<br>(50.01-<br>100 ha)<\/h3><p class=\"elementor-image-box-description\"><span style=\"font-size: 16px; white-space: normal;\">Fermieri certifica\u021bi ecologic sau cei ce doresc a se converti la agricultura ecologic\u0103 \u00een cur\u00e2nd ce au de la 50.01 p\u00e2n\u0103 la 100 ha de teren agricol.<\/span><\/p><\/div><\/div>\t\t<\/div>\n\t\t\t\t<\/div>\n\t\t\t\t\t<\/div>\n\t\t<\/div>\n\t\t\t\t<div class=\"elementor-column elementor-col-20 elementor-top-column elementor-element elementor-element-e95f2f1\" data-id=\"e95f2f1\" data-element_type=\"column\">\n\t\t\t<div class=\"elementor-widget-wrap elementor-element-populated\">\n\t\t\t\t\t\t\t\t<div class=\"elementor-element elementor-element-5723ed3 elementor-position-top elementor-vertical-align-top elementor-widget elementor-widget-image-box\" data-id=\"5723ed3\" data-element_type=\"widget\" data-widget_type=\"image-box.default\">\n\t\t\t\t<div class=\"elementor-widget-container\">\n\t\t\t<div class=\"elementor-image-box-wrapper\"><figure class=\"elementor-image-box-img\"><img loading=\"lazy\" decoding=\"async\" width=\"512\" height=\"512\" src=\"https:\/\/movca.md\/wp-content\/uploads\/2022\/05\/23-512.webp\" class=\"attachment-full size-full\" alt=\"\" \/><\/figure><div class=\"elementor-image-box-content\"><h3 class=\"elementor-image-box-title\">D. Fermieri <br>(100+ ha)<br><\/h3><p class=\"elementor-image-box-description\"><span style=\"font-size: 16px; white-space: normal;\">Fermieri certifica\u021bi ecologic sau cei ce doresc a se converti la agricultura ecologic\u0103 \u00een cur\u00e2nd ce au mai mult de 100.01 ha de teren.<\/span><\/p><\/div><\/div>\t\t<\/div>\n\t\t\t\t<\/div>\n\t\t\t\t\t<\/div>\n\t\t<\/div>\n\t\t\t\t<div class=\"elementor-column elementor-col-20 elementor-top-column elementor-element elementor-element-ee87ee1\" data-id=\"ee87ee1\" data-element_type=\"column\">\n\t\t\t<div class=\"elementor-widget-wrap elementor-element-populated\">\n\t\t\t\t\t\t\t\t<div class=\"elementor-element elementor-element-463f3c2 elementor-position-top elementor-vertical-align-top elementor-widget elementor-widget-image-box\" data-id=\"463f3c2\" data-element_type=\"widget\" data-widget_type=\"image-box.default\">\n\t\t\t\t<div class=\"elementor-widget-container\">\n\t\t\t<div class=\"elementor-image-box-wrapper\"><figure class=\"elementor-image-box-img\"><img loading=\"lazy\" decoding=\"async\" width=\"800\" height=\"800\" src=\"https:\/\/movca.md\/wp-content\/uploads\/2022\/05\/company-icon-vector-isolated-white-background-company-transparent-sign-company-icon-vector-isolated-white-background-company-134078740.jpg\" class=\"attachment-full size-full\" alt=\"\" \/><\/figure><div class=\"elementor-image-box-content\"><h3 class=\"elementor-image-box-title\">E. Entit\u0103\u021bi din lan\u021bul valoric<\/h3><p class=\"elementor-image-box-description\"><span style=\"font-size: 16px; white-space: normal;\">Entit\u0103\u021bi din lan\u021bul valoric al agriculturii ecologice, inclusiv procesatori, organisme de certificare, distribuitori \u0219i alte companii.<\/span><\/p><\/div><\/div>\t\t<\/div>\n\t\t\t\t<\/div>\n\t\t\t\t\t<\/div>\n\t\t<\/div>\n\t\t\t\t\t\t\t<\/div>\n\t\t<\/section>\n\t\t\t\t<section class=\"elementor-section elementor-top-section elementor-element elementor-element-19391a4 elementor-section-boxed elementor-section-height-default elementor-section-height-default\" data-id=\"19391a4\" data-element_type=\"section\">\n\t\t\t\t\t\t<div class=\"elementor-container elementor-column-gap-default\">\n\t\t\t\t\t<div class=\"elementor-column elementor-col-100 elementor-top-column elementor-element elementor-element-58e24af\" data-id=\"58e24af\" data-element_type=\"column\">\n\t\t\t<div class=\"elementor-widget-wrap elementor-element-populated\">\n\t\t\t\t\t\t\t\t<div class=\"elementor-element elementor-element-a37237a elementor-align-center elementor-widget elementor-widget-button\" data-id=\"a37237a\" data-element_type=\"widget\" data-widget_type=\"button.default\">\n\t\t\t\t<div class=\"elementor-widget-container\">\n\t\t\t\t\t<div class=\"elementor-button-wrapper\">\n\t\t\t<a href=\"https:\/\/docs.google.com\/forms\/d\/1nvvokjctAItVMiuz0XPyvo7bddZfzS2llJsiXor44cQ\/viewform?fbclid=IwAR09SdFQFhlFB7qyUs1Rd8_vdtGrXtffxyMRn2eh4ITagz4lqjQgM7M3MqQ&#038;edit_requested=true\" class=\"elementor-button-link elementor-button elementor-size-sm\" role=\"button\">\n\t\t\t\t\t\t<span class=\"elementor-button-content-wrapper\">\n\t\t\t\t\t\t<span class=\"elementor-button-text\">Completeaz\u0103 cererea de aderare<\/span>\n\t\t<\/span>\n\t\t\t\t\t<\/a>\n\t\t<\/div>\n\t\t\t\t<\/div>\n\t\t\t\t<\/div>\n\t\t\t\t\t<\/div>\n\t\t<\/div>\n\t\t\t\t\t\t\t<\/div>\n\t\t<\/section>\n\t\t\t\t<section class=\"elementor-section elementor-top-section elementor-element elementor-element-363014c elementor-section-boxed elementor-section-height-default elementor-section-height-default\" data-id=\"363014c\" data-element_type=\"section\">\n\t\t\t\t\t\t<div class=\"elementor-container elementor-column-gap-default\">\n\t\t\t\t\t<div class=\"elementor-column elementor-col-100 elementor-top-column elementor-element elementor-element-5f11970\" data-id=\"5f11970\" data-element_type=\"column\">\n\t\t\t<div class=\"elementor-widget-wrap elementor-element-populated\">\n\t\t\t\t\t\t\t\t<div class=\"elementor-element elementor-element-5682d20 elementor-widget elementor-widget-text-editor\" data-id=\"5682d20\" data-element_type=\"widget\" data-widget_type=\"text-editor.default\">\n\t\t\t\t<div class=\"elementor-widget-container\">\n\t\t\t\t\t\t\t<p><span style=\"font-size: 16px;\">Contacteaz\u0103&nbsp;<\/span><a href=\"https:\/\/movca.org\/ro\/contact-us\/\" target=\"_blank\" style=\"font-size: 16px;\">echipa executiv\u0103<\/a><span style=\"font-size: 16px;\">&nbsp;dac\u0103 ai careva \u00eentreb\u0103ri. Suntem bucuro\u0219i s\u0103 r\u0103spundem la orice \u00eentrebare.<\/span><br><\/p>\t\t\t\t\t\t<\/div>\n\t\t\t\t<\/div>\n\t\t\t\t\t<\/div>\n\t\t<\/div>\n\t\t\t\t\t\t\t<\/div>\n\t\t<\/section>\n\t\t\t\t\t\t\t<\/div>\n\t\t","protected":false},"excerpt":{"rendered":"<p>Devino membru Suntem o asocia\u021bie neguvernamental\u0103, bazat\u0103 pe membri, pentru agricultura ecologic\u0103 \u0219i produsele ecologice din Republica Moldova. Prin crearea de re\u021bele, advocacy \u0219i o gam\u0103 larg\u0103 de servicii \u0219i activit\u0103\u021bi, lucr\u0103m \u00eempreun\u0103 pentru a \u00eencuraja adoptarea practicilor de agricultur\u0103 ecologic\u0103 \u00een Moldova. Ne angaj\u0103m s\u0103 \u00eemp\u0103rt\u0103\u0219im ve\u0219tile bune despre impactul pozitiv a practicelor ecologice [&hellip;]<\/p>\n","protected":false},"author":1,"featured_media":0,"parent":0,"menu_order":0,"comment_status":"closed","ping_status":"closed","template":"","meta":{"footnotes":""},"class_list":["post-32","page","type-page","status-publish","hentry"],"_links":{"self":[{"href":"https:\/\/movca.md\/ro\/wp-json\/wp\/v2\/pages\/32","targetHints":{"allow":["GET"]}}],"collection":[{"href":"https:\/\/movca.md\/ro\/wp-json\/wp\/v2\/pages"}],"about":[{"href":"https:\/\/movca.md\/ro\/wp-json\/wp\/v2\/types\/page"}],"author":[{"embeddable":true,"href":"https:\/\/movca.md\/ro\/wp-json\/wp\/v2\/users\/1"}],"replies":[{"embeddable":true,"href":"https:\/\/movca.md\/ro\/wp-json\/wp\/v2\/comments?post=32"}],"version-history":[{"count":62,"href":"https:\/\/movca.md\/ro\/wp-json\/wp\/v2\/pages\/32\/revisions"}],"predecessor-version":[{"id":7151,"href":"https:\/\/movca.md\/ro\/wp-json\/wp\/v2\/pages\/32\/revisions\/7151"}],"wp:attachment":[{"href":"https:\/\/movca.md\/ro\/wp-json\/wp\/v2\/media?parent=32"}],"curies":[{"name":"wp","href":"https:\/\/api.w.org\/{rel}","templated":true}]}}