{"id":34,"date":"2022-02-19T11:54:56","date_gmt":"2022-02-19T11:54:56","guid":{"rendered":"http:\/\/movca.org\/?page_id=34"},"modified":"2024-11-25T12:07:46","modified_gmt":"2024-11-25T09:07:46","slug":"newsroom","status":"publish","type":"page","link":"https:\/\/movca.md\/ro\/newsroom\/","title":{"rendered":"Nout\u0103\u021bi"},"content":{"rendered":"\t\t<div data-elementor-type=\"wp-page\" data-elementor-id=\"34\" class=\"elementor elementor-34\">\n\t\t\t\t\t\t\t\t\t<section class=\"elementor-section elementor-top-section elementor-element elementor-element-c213908 elementor-section-boxed elementor-section-height-default elementor-section-height-default\" data-id=\"c213908\" data-element_type=\"section\">\n\t\t\t\t\t\t<div class=\"elementor-container elementor-column-gap-default\">\n\t\t\t\t\t<div class=\"elementor-column elementor-col-100 elementor-top-column elementor-element elementor-element-acdce24\" data-id=\"acdce24\" data-element_type=\"column\">\n\t\t\t<div class=\"elementor-widget-wrap elementor-element-populated\">\n\t\t\t\t\t\t\t\t<div class=\"elementor-element elementor-element-83ef5f8 elementor-widget elementor-widget-heading\" data-id=\"83ef5f8\" data-element_type=\"widget\" data-widget_type=\"heading.default\">\n\t\t\t\t<div class=\"elementor-widget-container\">\n\t\t\t<style>\/*! elementor - v3.6.6 - 08-06-2022 *\/\n.elementor-heading-title{padding:0;margin:0;line-height:1}.elementor-widget-heading .elementor-heading-title[class*=elementor-size-]>a{color:inherit;font-size:inherit;line-height:inherit}.elementor-widget-heading .elementor-heading-title.elementor-size-small{font-size:15px}.elementor-widget-heading .elementor-heading-title.elementor-size-medium{font-size:19px}.elementor-widget-heading .elementor-heading-title.elementor-size-large{font-size:29px}.elementor-widget-heading .elementor-heading-title.elementor-size-xl{font-size:39px}.elementor-widget-heading .elementor-heading-title.elementor-size-xxl{font-size:59px}<\/style><h2 class=\"elementor-heading-title elementor-size-default\">Ultimele nout\u0103\u021bi<\/h2>\t\t<\/div>\n\t\t\t\t<\/div>\n\t\t\t\t<div class=\"elementor-element elementor-element-846569d elementor-grid-3 elementor-grid-tablet-2 elementor-grid-mobile-1 elementor-posts--thumbnail-top elementor-card-shadow-yes elementor-posts__hover-gradient elementor-widget elementor-widget-posts\" data-id=\"846569d\" data-element_type=\"widget\" data-settings=\"{&quot;pagination_type&quot;:&quot;load_more_infinite_scroll&quot;,&quot;cards_columns&quot;:&quot;3&quot;,&quot;cards_columns_tablet&quot;:&quot;2&quot;,&quot;cards_columns_mobile&quot;:&quot;1&quot;,&quot;cards_row_gap&quot;:{&quot;unit&quot;:&quot;px&quot;,&quot;size&quot;:35,&quot;sizes&quot;:[]},&quot;cards_row_gap_tablet&quot;:{&quot;unit&quot;:&quot;px&quot;,&quot;size&quot;:&quot;&quot;,&quot;sizes&quot;:[]},&quot;cards_row_gap_mobile&quot;:{&quot;unit&quot;:&quot;px&quot;,&quot;size&quot;:&quot;&quot;,&quot;sizes&quot;:[]},&quot;load_more_spinner&quot;:{&quot;value&quot;:&quot;fas fa-spinner&quot;,&quot;library&quot;:&quot;fa-solid&quot;}}\" data-widget_type=\"posts.cards\">\n\t\t\t\t<div class=\"elementor-widget-container\">\n\t\t\t<link rel=\"stylesheet\" href=\"http:\/\/movca.md\/wp-content\/plugins\/elementor-pro\/assets\/css\/widget-posts.min.css\">\t\t<div class=\"elementor-posts-container elementor-posts elementor-posts--skin-cards elementor-grid\">\n\t\t\t\t<article class=\"elementor-post elementor-grid-item post-39591 post type-post status-publish format-standard hentry category-radiotaximaldonado-cl\">\n\t\t\t<div class=\"elementor-post__card\">\n\t\t\t\t<div class=\"elementor-post__text\">\n\t\t\t\t<h3 class=\"elementor-post__title\">\n\t\t\t<a href=\"https:\/\/movca.md\/ro\/2026\/04\/27\/radio-taxis-caracas-en-penalolen-telefono-y\/\" >\n\t\t\t\tRadio Taxis Caracas en Pe\u00f1alol\u00e9n Tel\u00e9fono y Direcci\u00f3n\t\t\t<\/a>\n\t\t<\/h3>\n\t\t\t\t<div class=\"elementor-post__excerpt\">\n\t\t\t<p>Content Radio Taxi Turismo Padre Hurtado Express N\u00fameros Radio Taxi Calera de Tango Taxi y transfer Aeropuerto, +56954256997 Radiotaxiarica.cl es un portal de taxis que<\/p>\n\t\t<\/div>\n\t\t\t\t\t<a class=\"elementor-post__read-more\" href=\"https:\/\/movca.md\/ro\/2026\/04\/27\/radio-taxis-caracas-en-penalolen-telefono-y\/\" >\n\t\t\t\tCite\u0219te mai mult \u00bb\t\t\t<\/a>\n\t\t\t\t<\/div>\n\t\t\t\t<div class=\"elementor-post__meta-data\">\n\t\t\t\t\t<span class=\"elementor-post-author\">\n\t\t\tMOVCA\t\t<\/span>\n\t\t\t\t<span class=\"elementor-post-date\">\n\t\t\taprilie 27, 2026\t\t<\/span>\n\t\t\t\t<\/div>\n\t\t\t\t\t<\/div>\n\t\t<\/article>\n\t\t\t\t<article class=\"elementor-post elementor-grid-item post-45045 post type-post status-publish format-standard hentry category-uncategorized\">\n\t\t\t<div class=\"elementor-post__card\">\n\t\t\t\t<div class=\"elementor-post__text\">\n\t\t\t\t<h3 class=\"elementor-post__title\">\n\t\t\t<a href=\"https:\/\/movca.md\/ro\/2026\/04\/26\/paras-nettikasino-2026-suomalaiset-kasinot-ja-pelikokemukset\/\" >\n\t\t\t\tParas nettikasino 2026: suomalaiset kasinot ja pelikokemukset\t\t\t<\/a>\n\t\t<\/h3>\n\t\t\t\t<div class=\"elementor-post__excerpt\">\n\t\t\t<p>Miksi nettikasinoiden rekister\u00f6itymisprosessit vaihtelevat? Ilmaiskierrokset ovat erinomainen tapa tutustua uusiin peleihin ilman taloudellista riski\u00e4. Monet kasinot tarjoavat n\u00e4it\u00e4 kierroksia uusille pelaajille rekister\u00f6itymisen yhteydess\u00e4. T\u00e4m\u00e4n vuoksi<\/p>\n\t\t<\/div>\n\t\t\t\t\t<a class=\"elementor-post__read-more\" href=\"https:\/\/movca.md\/ro\/2026\/04\/26\/paras-nettikasino-2026-suomalaiset-kasinot-ja-pelikokemukset\/\" >\n\t\t\t\tCite\u0219te mai mult \u00bb\t\t\t<\/a>\n\t\t\t\t<\/div>\n\t\t\t\t<div class=\"elementor-post__meta-data\">\n\t\t\t\t\t<span class=\"elementor-post-author\">\n\t\t\tMOVCA\t\t<\/span>\n\t\t\t\t<span class=\"elementor-post-date\">\n\t\t\taprilie 26, 2026\t\t<\/span>\n\t\t\t\t<\/div>\n\t\t\t\t\t<\/div>\n\t\t<\/article>\n\t\t\t\t<article class=\"elementor-post elementor-grid-item post-45007 post type-post status-publish format-standard hentry category-uncategorized\">\n\t\t\t<div class=\"elementor-post__card\">\n\t\t\t\t<div class=\"elementor-post__text\">\n\t\t\t\t<h3 class=\"elementor-post__title\">\n\t\t\t<a href=\"https:\/\/movca.md\/ro\/2026\/04\/19\/vegas-hero-casino-2026-arviointi-ja-ominaisuudet\/\" >\n\t\t\t\tVegas Hero Casino 2026 \u2013 Arviointi ja ominaisuudet\t\t\t<\/a>\n\t\t<\/h3>\n\t\t\t\t<div class=\"elementor-post__excerpt\">\n\t\t\t<p>Tervetuloa Vegas Hero Casinon maailmaan Kahdestoista kappaleessa tarkastellaan vastuullisen pelaamisen ty\u00f6kaluja: talletusrajoja, pelaamiskestojen muistutuksia sek\u00e4 mahdollisuutta asettaa itsens\u00e4estoja. N\u00e4iden toiminnallisuuksien ymm\u00e4rt\u00e4minen auttaa pelaajaa hallitsemaan peli\u00e4<\/p>\n\t\t<\/div>\n\t\t\t\t\t<a class=\"elementor-post__read-more\" href=\"https:\/\/movca.md\/ro\/2026\/04\/19\/vegas-hero-casino-2026-arviointi-ja-ominaisuudet\/\" >\n\t\t\t\tCite\u0219te mai mult \u00bb\t\t\t<\/a>\n\t\t\t\t<\/div>\n\t\t\t\t<div class=\"elementor-post__meta-data\">\n\t\t\t\t\t<span class=\"elementor-post-author\">\n\t\t\tMOVCA\t\t<\/span>\n\t\t\t\t<span class=\"elementor-post-date\">\n\t\t\taprilie 19, 2026\t\t<\/span>\n\t\t\t\t<\/div>\n\t\t\t\t\t<\/div>\n\t\t<\/article>\n\t\t\t\t<article class=\"elementor-post elementor-grid-item post-45002 post type-post status-publish format-standard hentry category-uncategorized\">\n\t\t\t<div class=\"elementor-post__card\">\n\t\t\t\t<div class=\"elementor-post__text\">\n\t\t\t\t<h3 class=\"elementor-post__title\">\n\t\t\t<a href=\"https:\/\/movca.md\/ro\/2026\/04\/17\/winbeatz-casino-2026-ohjeet-vinkit-ja-arvio\/\" >\n\t\t\t\tWinbeatz casino 2026 \u2013 ohjeet, vinkit ja arvio\t\t\t<\/a>\n\t\t<\/h3>\n\t\t\t\t<div class=\"elementor-post__excerpt\">\n\t\t\t<p>Katsaus arvostelun tarkoituksesta ja l\u00e4hestymistavasta Pelaamisen aloittamista helpottaa selke\u00e4 kokonaisuus siit\u00e4, mik\u00e4 Winbeatz casinossa toimii ja mit\u00e4 ei. T\u00e4m\u00e4 osio rohkaisee lukijaa hy\u00f6dynt\u00e4m\u00e4\u00e4n virallisia ehtoja<\/p>\n\t\t<\/div>\n\t\t\t\t\t<a class=\"elementor-post__read-more\" href=\"https:\/\/movca.md\/ro\/2026\/04\/17\/winbeatz-casino-2026-ohjeet-vinkit-ja-arvio\/\" >\n\t\t\t\tCite\u0219te mai mult \u00bb\t\t\t<\/a>\n\t\t\t\t<\/div>\n\t\t\t\t<div class=\"elementor-post__meta-data\">\n\t\t\t\t\t<span class=\"elementor-post-author\">\n\t\t\tMOVCA\t\t<\/span>\n\t\t\t\t<span class=\"elementor-post-date\">\n\t\t\taprilie 17, 2026\t\t<\/span>\n\t\t\t\t<\/div>\n\t\t\t\t\t<\/div>\n\t\t<\/article>\n\t\t\t\t<article class=\"elementor-post elementor-grid-item post-43002 post type-post status-publish format-standard hentry category-uncategorized\">\n\t\t\t<div class=\"elementor-post__card\">\n\t\t\t\t<div class=\"elementor-post__text\">\n\t\t\t\t<h3 class=\"elementor-post__title\">\n\t\t\t<a href=\"https:\/\/movca.md\/ro\/2026\/04\/15\/berriez-casino-2026-peleihin-ja-kaeyttoeliittymaeaen-keskittyvae-analyysi\/\" >\n\t\t\t\tberriez casino 2026: peleihin ja k\u00e4ytt\u00f6liittym\u00e4\u00e4n keskittyv\u00e4 analyysi\t\t\t<\/a>\n\t\t<\/h3>\n\t\t\t\t<div class=\"elementor-post__excerpt\">\n\t\t\t<p>Br\u00e4ndin ensivaikutelmat: mit\u00e4 Berriez tarjoaa vuonna 2026 Jos presupuntiona on huomioida visuaalinen suunnittelu, Berriez Casinon ulkoasu voi tukea pelaamisen kiinnostusta ja tarjota miellytt\u00e4v\u00e4n ymp\u00e4rist\u00f6n. Selke\u00e4<\/p>\n\t\t<\/div>\n\t\t\t\t\t<a class=\"elementor-post__read-more\" href=\"https:\/\/movca.md\/ro\/2026\/04\/15\/berriez-casino-2026-peleihin-ja-kaeyttoeliittymaeaen-keskittyvae-analyysi\/\" >\n\t\t\t\tCite\u0219te mai mult \u00bb\t\t\t<\/a>\n\t\t\t\t<\/div>\n\t\t\t\t<div class=\"elementor-post__meta-data\">\n\t\t\t\t\t<span class=\"elementor-post-author\">\n\t\t\tMOVCA\t\t<\/span>\n\t\t\t\t<span class=\"elementor-post-date\">\n\t\t\taprilie 15, 2026\t\t<\/span>\n\t\t\t\t<\/div>\n\t\t\t\t\t<\/div>\n\t\t<\/article>\n\t\t\t\t<article class=\"elementor-post elementor-grid-item post-44997 post type-post status-publish format-standard hentry category-uncategorized\">\n\t\t\t<div class=\"elementor-post__card\">\n\t\t\t\t<div class=\"elementor-post__text\">\n\t\t\t\t<h3 class=\"elementor-post__title\">\n\t\t\t<a href=\"https:\/\/movca.md\/ro\/2026\/04\/15\/vegas-hero-casino-2026-ominaisuudet-ja-arvio\/\" >\n\t\t\t\tvegas hero casino 2026 \u2013 ominaisuudet ja arvio\t\t\t<\/a>\n\t\t<\/h3>\n\t\t\t\t<div class=\"elementor-post__excerpt\">\n\t\t\t<p>Ymm\u00e4rryksen tueksi korostetaan varmistuksia, ohjeita ja toteutettavia k\u00e4yt\u00e4nt\u00f6j\u00e4 Seuraavaksi tarkastelemme sivuston rakenteellisia piirteit\u00e4 sek\u00e4 sit\u00e4, miten ne vaikuttavat sinun kykyysi l\u00f6yt\u00e4\u00e4 tarvitsemiasi tietoja nopeasti. T\u00e4m\u00e4<\/p>\n\t\t<\/div>\n\t\t\t\t\t<a class=\"elementor-post__read-more\" href=\"https:\/\/movca.md\/ro\/2026\/04\/15\/vegas-hero-casino-2026-ominaisuudet-ja-arvio\/\" >\n\t\t\t\tCite\u0219te mai mult \u00bb\t\t\t<\/a>\n\t\t\t\t<\/div>\n\t\t\t\t<div class=\"elementor-post__meta-data\">\n\t\t\t\t\t<span class=\"elementor-post-author\">\n\t\t\tMOVCA\t\t<\/span>\n\t\t\t\t<span class=\"elementor-post-date\">\n\t\t\taprilie 15, 2026\t\t<\/span>\n\t\t\t\t<\/div>\n\t\t\t\t\t<\/div>\n\t\t<\/article>\n\t\t\t\t<\/div>\n\n\n\t\t\t\t\t<span class=\"e-load-more-spinner\">\n\t\t\t\t<i aria-hidden=\"true\" class=\"fas fa-spinner\"><\/i>\t\t\t<\/span>\n\t\t\n\t\t\t\t<div class=\"e-load-more-anchor\" data-page=\"1\" data-max-page=\"3366\" data-next-page=\"https:\/\/movca.md\/ro\/wp-json\/wp\/v2\/pages\/34\/page\/2\/\"><\/div>\n\t\t\t\t<div class=\"e-load-more-message\">No more posts to show<\/div>\n\t\t\t\t<\/div>\n\t\t\t\t<\/div>\n\t\t\t\t\t<\/div>\n\t\t<\/div>\n\t\t\t\t\t\t\t<\/div>\n\t\t<\/section>\n\t\t\t\t\t\t\t<\/div>\n\t\t","protected":false},"excerpt":{"rendered":"<p>Ultimele nout\u0103\u021bi<\/p>\n","protected":false},"author":1,"featured_media":0,"parent":0,"menu_order":0,"comment_status":"closed","ping_status":"closed","template":"","meta":{"footnotes":""},"class_list":["post-34","page","type-page","status-publish","hentry"],"_links":{"self":[{"href":"https:\/\/movca.md\/ro\/wp-json\/wp\/v2\/pages\/34","targetHints":{"allow":["GET"]}}],"collection":[{"href":"https:\/\/movca.md\/ro\/wp-json\/wp\/v2\/pages"}],"about":[{"href":"https:\/\/movca.md\/ro\/wp-json\/wp\/v2\/types\/page"}],"author":[{"embeddable":true,"href":"https:\/\/movca.md\/ro\/wp-json\/wp\/v2\/users\/1"}],"replies":[{"embeddable":true,"href":"https:\/\/movca.md\/ro\/wp-json\/wp\/v2\/comments?post=34"}],"version-history":[{"count":29,"href":"https:\/\/movca.md\/ro\/wp-json\/wp\/v2\/pages\/34\/revisions"}],"predecessor-version":[{"id":7325,"href":"https:\/\/movca.md\/ro\/wp-json\/wp\/v2\/pages\/34\/revisions\/7325"}],"wp:attachment":[{"href":"https:\/\/movca.md\/ro\/wp-json\/wp\/v2\/media?parent=34"}],"curies":[{"name":"wp","href":"https:\/\/api.w.org\/{rel}","templated":true}]}}