{"id":5231,"date":"2022-03-27T20:16:03","date_gmt":"2022-03-27T20:16:03","guid":{"rendered":"https:\/\/movca.org\/?page_id=5231"},"modified":"2023-09-14T12:44:01","modified_gmt":"2023-09-14T09:44:01","slug":"organic-regulations","status":"publish","type":"page","link":"https:\/\/movca.md\/ro\/organic-agriculture\/organic-regulations\/","title":{"rendered":"Legi \u0219i regulamente"},"content":{"rendered":"\t\t<div data-elementor-type=\"wp-page\" data-elementor-id=\"5231\" class=\"elementor elementor-5231\">\n\t\t\t\t\t\t\t\t\t<section class=\"elementor-section elementor-top-section elementor-element elementor-element-0cf8bc7 elementor-section-boxed elementor-section-height-default elementor-section-height-default\" data-id=\"0cf8bc7\" data-element_type=\"section\">\n\t\t\t\t\t\t<div class=\"elementor-container elementor-column-gap-default\">\n\t\t\t\t\t<div class=\"elementor-column elementor-col-100 elementor-top-column elementor-element elementor-element-ca23535\" data-id=\"ca23535\" data-element_type=\"column\">\n\t\t\t<div class=\"elementor-widget-wrap elementor-element-populated\">\n\t\t\t\t\t\t\t\t<div class=\"elementor-element elementor-element-7060196 elementor-widget elementor-widget-heading\" data-id=\"7060196\" data-element_type=\"widget\" data-widget_type=\"heading.default\">\n\t\t\t\t<div class=\"elementor-widget-container\">\n\t\t\t<style>\/*! elementor - v3.6.6 - 08-06-2022 *\/\n.elementor-heading-title{padding:0;margin:0;line-height:1}.elementor-widget-heading .elementor-heading-title[class*=elementor-size-]>a{color:inherit;font-size:inherit;line-height:inherit}.elementor-widget-heading .elementor-heading-title.elementor-size-small{font-size:15px}.elementor-widget-heading .elementor-heading-title.elementor-size-medium{font-size:19px}.elementor-widget-heading .elementor-heading-title.elementor-size-large{font-size:29px}.elementor-widget-heading .elementor-heading-title.elementor-size-xl{font-size:39px}.elementor-widget-heading .elementor-heading-title.elementor-size-xxl{font-size:59px}<\/style><h2 class=\"elementor-heading-title elementor-size-default\"><span class=\"elementor-heading-title elementor-size-default\" style=\"caret-color: rgb(0, 0, 0); white-space: normal; font-size: 2rem;\">Legi \u0219i regulamente ale agriculturii ecologice<\/span><\/h2>\t\t<\/div>\n\t\t\t\t<\/div>\n\t\t\t\t\t<\/div>\n\t\t<\/div>\n\t\t\t\t\t\t\t<\/div>\n\t\t<\/section>\n\t\t\t\t<section class=\"elementor-section elementor-top-section elementor-element elementor-element-00d0b97 elementor-section-boxed elementor-section-height-default elementor-section-height-default\" data-id=\"00d0b97\" data-element_type=\"section\">\n\t\t\t\t\t\t<div class=\"elementor-container elementor-column-gap-default\">\n\t\t\t\t\t<div class=\"elementor-column elementor-col-50 elementor-top-column elementor-element elementor-element-757de40\" data-id=\"757de40\" data-element_type=\"column\">\n\t\t\t<div class=\"elementor-widget-wrap elementor-element-populated\">\n\t\t\t\t\t\t\t\t<div class=\"elementor-element elementor-element-25fe3f7 elementor-widget elementor-widget-image\" data-id=\"25fe3f7\" data-element_type=\"widget\" data-widget_type=\"image.default\">\n\t\t\t\t<div class=\"elementor-widget-container\">\n\t\t\t<style>\/*! elementor - v3.6.6 - 08-06-2022 *\/\n.elementor-widget-image{text-align:center}.elementor-widget-image a{display:inline-block}.elementor-widget-image a img[src$=\".svg\"]{width:48px}.elementor-widget-image img{vertical-align:middle;display:inline-block}<\/style>\t\t\t\t\t\t\t\t\t\t\t\t<img loading=\"lazy\" decoding=\"async\" width=\"160\" height=\"116\" src=\"https:\/\/movca.md\/wp-content\/uploads\/2022\/05\/flag-european-union_1f1ea-1f1fa-e1652287396247.png\" class=\"attachment-medium size-medium\" alt=\"\" srcset=\"https:\/\/movca.md\/wp-content\/uploads\/2022\/05\/flag-european-union_1f1ea-1f1fa-e1652287396247.png 160w, https:\/\/movca.md\/wp-content\/uploads\/2022\/05\/flag-european-union_1f1ea-1f1fa-e1652287396247-18x12.png 18w\" sizes=\"auto, (max-width: 160px) 100vw, 160px\" \/>\t\t\t\t\t\t\t\t\t\t\t\t\t\t\t<\/div>\n\t\t\t\t<\/div>\n\t\t\t\t<div class=\"elementor-element elementor-element-e5dae51 elementor-widget elementor-widget-heading\" data-id=\"e5dae51\" data-element_type=\"widget\" data-widget_type=\"heading.default\">\n\t\t\t\t<div class=\"elementor-widget-container\">\n\t\t\t<h5 class=\"elementor-heading-title elementor-size-default\"><span class=\"elementor-heading-title elementor-size-default\" style=\"caret-color: rgb(0, 0, 0); text-transform: none; white-space: normal; font-size: 1.25rem;\">Regulamentele Uniunii Europene<\/span><\/h5>\t\t<\/div>\n\t\t\t\t<\/div>\n\t\t\t\t<div class=\"elementor-element elementor-element-7936dd7 elementor-list-item-link-inline elementor-icon-list--layout-traditional elementor-widget elementor-widget-icon-list\" data-id=\"7936dd7\" data-element_type=\"widget\" data-widget_type=\"icon-list.default\">\n\t\t\t\t<div class=\"elementor-widget-container\">\n\t\t\t<link rel=\"stylesheet\" href=\"https:\/\/movca.md\/wp-content\/plugins\/elementor\/assets\/css\/widget-icon-list.min.css\">\t\t<ul class=\"elementor-icon-list-items\">\n\t\t\t\t\t\t\t<li class=\"elementor-icon-list-item\">\n\t\t\t\t\t\t\t\t\t\t\t<a href=\"https:\/\/movca.org\/wp-content\/uploads\/2022\/05\/CELEX_32018R0848_RO_TXT.pdf\">\n\n\t\t\t\t\t\t\t\t\t\t\t\t<span class=\"elementor-icon-list-icon\">\n\t\t\t\t\t\t\t<i aria-hidden=\"true\" class=\"fas fa-check-double\"><\/i>\t\t\t\t\t\t<\/span>\n\t\t\t\t\t\t\t\t\t\t<span class=\"elementor-icon-list-text\"><span style=\"position: relative; display: block; z-index: 3; transition-duration: 300ms; transition-property: color, text-shadow; transition-timing-function: cubic-bezier(0.4, 0, 0.2, 1); font-family: &quot;Montserrat custom&quot;; font-size: 18px; line-height: 1; color: rgb(0, 0, 0); text-align: justify; white-space: normal;\">REGULAMENTUL (UE) NR. 848\/2018<\/span><span style=\"position: relative; display: block; z-index: 3; transition-duration: 300ms; transition-property: color, text-shadow; transition-timing-function: cubic-bezier(0.4, 0, 0.2, 1); margin-top: 0.35em; font-family: &quot;Montserrat custom&quot;; font-size: 0.75em; line-height: 1; color: rgb(0, 0, 0); text-align: justify; white-space: normal;\">privind produc\u021bia ecologic\u0103 \u0219i etichetarea produselor ecologice \u0219i de abrogare a Regulamentului (CE) nr. 834\/2007 al Consiliului<span style=\"background-color: transparent; color: var( --e-global-color-secondary ); font-family: var( --e-global-typography-text-font-family ), roboto; font-size: inherit; font-weight: var( --e-global-typography-text-font-weight ); white-space: pre-wrap;\"><\/span><\/span><\/span>\n\t\t\t\t\t\t\t\t\t\t\t<\/a>\n\t\t\t\t\t\t\t\t\t<\/li>\n\t\t\t\t\t\t\t\t<li class=\"elementor-icon-list-item\">\n\t\t\t\t\t\t\t\t\t\t\t<a href=\"https:\/\/movca.org\/wp-content\/uploads\/2022\/05\/CELEX_32007R0834_RO_TXT.pdf\">\n\n\t\t\t\t\t\t\t\t\t\t\t\t<span class=\"elementor-icon-list-icon\">\n\t\t\t\t\t\t\t<i aria-hidden=\"true\" class=\"fas fa-check-double\"><\/i>\t\t\t\t\t\t<\/span>\n\t\t\t\t\t\t\t\t\t\t<span class=\"elementor-icon-list-text\"><span style=\"position: relative; display: block; z-index: 3; transition-duration: 300ms; transition-property: color, text-shadow; transition-timing-function: cubic-bezier(0.4, 0, 0.2, 1); font-family: &quot;Montserrat custom&quot;; font-size: 18px; line-height: 1; color: rgb(0, 0, 0); text-align: justify; white-space: normal;\">REGULAMENTUL (CE) NR. 834\/2007<\/span><span style=\"position: relative; display: block; z-index: 3; transition-duration: 300ms; transition-property: color, text-shadow; transition-timing-function: cubic-bezier(0.4, 0, 0.2, 1); margin-top: 0.35em; font-family: &quot;Montserrat custom&quot;; font-size: 0.75em; line-height: 1; color: rgb(0, 0, 0); text-align: justify; white-space: normal;\">privind produc\u021bia ecologic\u0103 \u0219i etichetarea produselor ecologice<span style=\"background-color: transparent; color: var( --e-global-color-secondary ); font-family: var( --e-global-typography-text-font-family ), roboto; font-size: inherit; font-weight: var( --e-global-typography-text-font-weight ); white-space: pre-wrap;\"><\/span><\/span><\/span>\n\t\t\t\t\t\t\t\t\t\t\t<\/a>\n\t\t\t\t\t\t\t\t\t<\/li>\n\t\t\t\t\t\t\t\t<li class=\"elementor-icon-list-item\">\n\t\t\t\t\t\t\t\t\t\t\t<a href=\"https:\/\/movca.org\/wp-content\/uploads\/2022\/05\/CELEX_32008R0889_RO_TXT.pdf\">\n\n\t\t\t\t\t\t\t\t\t\t\t\t<span class=\"elementor-icon-list-icon\">\n\t\t\t\t\t\t\t<i aria-hidden=\"true\" class=\"fas fa-check-double\"><\/i>\t\t\t\t\t\t<\/span>\n\t\t\t\t\t\t\t\t\t\t<span class=\"elementor-icon-list-text\"><span style=\"position: relative; display: block; z-index: 3; transition-duration: 300ms; transition-property: color, text-shadow; transition-timing-function: cubic-bezier(0.4, 0, 0.2, 1); font-family: &quot;Montserrat custom&quot;; font-size: 18px; line-height: 1; color: rgb(0, 0, 0); text-align: justify; white-space: normal;\">REGULAMENT (CE) NR. 889\/2008<\/span><span style=\"position: relative; display: block; z-index: 3; transition-duration: 300ms; transition-property: color, text-shadow; transition-timing-function: cubic-bezier(0.4, 0, 0.2, 1); margin-top: 0.35em; font-family: &quot;Montserrat custom&quot;; font-size: 0.75em; line-height: 1; color: rgb(0, 0, 0); text-align: justify; white-space: normal;\">de stabilire a normelor de aplicare a Regulamentului (CE) nr. 834\/2007 al Consiliului \u00een ceea ce prive\u0219te produc\u021bia ecologic\u0103, etichetarea \u0219i controlul<span style=\"background-color: transparent; color: var( --e-global-color-secondary ); font-family: var( --e-global-typography-text-font-family ), roboto; font-size: inherit; font-weight: var( --e-global-typography-text-font-weight ); white-space: pre-wrap;\"><\/span><\/span><\/span>\n\t\t\t\t\t\t\t\t\t\t\t<\/a>\n\t\t\t\t\t\t\t\t\t<\/li>\n\t\t\t\t\t\t\t\t<li class=\"elementor-icon-list-item\">\n\t\t\t\t\t\t\t\t\t\t\t<a href=\"https:\/\/movca.org\/wp-content\/uploads\/2022\/05\/CELEX_32008R1235_RO_TXT.pdf\">\n\n\t\t\t\t\t\t\t\t\t\t\t\t<span class=\"elementor-icon-list-icon\">\n\t\t\t\t\t\t\t<i aria-hidden=\"true\" class=\"fas fa-check-double\"><\/i>\t\t\t\t\t\t<\/span>\n\t\t\t\t\t\t\t\t\t\t<span class=\"elementor-icon-list-text\"><a class=\"e1014-10 x-anchor x-anchor-button\" tabindex=\"0\" href=\"http:\/\/movca.md\/wp-content\/uploads\/2019\/09\/CELEX_32008R1235_RO_TXT.pdf\" target=\"_blank\" style=\"color: rgb(15, 189, 41); overflow: hidden; display: inline-flex; flex-flow: column nowrap; justify-content: stretch; position: relative; min-width: 1px; cursor: pointer; transition-duration: 300ms; transition-property: border-color, background-color, box-shadow, opacity, filter, transform; transition-timing-function: cubic-bezier(0.4, 0, 0.2, 1); outline: none; border-radius: 0.35em; font-size: 18px; background-color: rgb(255, 255, 255); box-shadow: rgba(0, 0, 0, 0.25) 0em 0.15em 0.65em 0em; font-family: &quot;Montserrat custom&quot;; font-weight: 400; text-align: justify; white-space: normal;\"><div class=\"Array\"><div class=\"x-anchor-text\" style=\"flex-shrink: 1; min-width: 1px; max-width: 100%; margin: 5px;\"><span class=\"x-anchor-text-primary\" style=\"position: relative; display: block; z-index: 3; transition-duration: 300ms; transition-property: color, text-shadow; transition-timing-function: cubic-bezier(0.4, 0, 0.2, 1); font-family: inherit; font-size: 1em; line-height: 1; color: rgba(0, 0, 0, 0.5);\">REGULAMENTUL (CE) NR. 1235\/2008<\/span><span class=\"x-anchor-text-secondary\" style=\"position: relative; display: block; z-index: 3; transition-duration: 300ms; transition-property: color, text-shadow; transition-timing-function: cubic-bezier(0.4, 0, 0.2, 1); margin-top: 0.35em; font-family: inherit; font-size: 0.75em; line-height: 1; color: rgba(0, 0, 0, 0.5);\">de stabilire a normelor de aplicare a Regulamentului (CE) nr. 834\/2007 al Consiliului \u00een ceea ce prive\u0219te regimul de import al produselor ecologice din \u021b\u0103ri ter\u021be<\/span><\/div><\/div><\/a><\/span>\n\t\t\t\t\t\t\t\t\t\t\t<\/a>\n\t\t\t\t\t\t\t\t\t<\/li>\n\t\t\t\t\t\t<\/ul>\n\t\t\t\t<\/div>\n\t\t\t\t<\/div>\n\t\t\t\t\t<\/div>\n\t\t<\/div>\n\t\t\t\t<div class=\"elementor-column elementor-col-50 elementor-top-column elementor-element elementor-element-5f2ca45\" data-id=\"5f2ca45\" data-element_type=\"column\">\n\t\t\t<div class=\"elementor-widget-wrap elementor-element-populated\">\n\t\t\t\t\t\t\t\t<div class=\"elementor-element elementor-element-c1c6e6e elementor-widget elementor-widget-image\" data-id=\"c1c6e6e\" data-element_type=\"widget\" data-widget_type=\"image.default\">\n\t\t\t\t<div class=\"elementor-widget-container\">\n\t\t\t\t\t\t\t\t\t\t\t\t\t\t\t<img loading=\"lazy\" decoding=\"async\" width=\"300\" height=\"150\" src=\"https:\/\/movca.md\/wp-content\/uploads\/2022\/05\/Flag_of_Moldova.svg-300x150.png\" class=\"attachment-medium size-medium\" alt=\"\" srcset=\"https:\/\/movca.md\/wp-content\/uploads\/2022\/05\/Flag_of_Moldova.svg-300x150.png 300w, https:\/\/movca.md\/wp-content\/uploads\/2022\/05\/Flag_of_Moldova.svg-1024x512.png 1024w, https:\/\/movca.md\/wp-content\/uploads\/2022\/05\/Flag_of_Moldova.svg-768x384.png 768w, https:\/\/movca.md\/wp-content\/uploads\/2022\/05\/Flag_of_Moldova.svg-1536x768.png 1536w, https:\/\/movca.md\/wp-content\/uploads\/2022\/05\/Flag_of_Moldova.svg-18x9.png 18w, https:\/\/movca.md\/wp-content\/uploads\/2022\/05\/Flag_of_Moldova.svg.png 1600w\" sizes=\"auto, (max-width: 300px) 100vw, 300px\" \/>\t\t\t\t\t\t\t\t\t\t\t\t\t\t\t<\/div>\n\t\t\t\t<\/div>\n\t\t\t\t<div class=\"elementor-element elementor-element-bbf3750 elementor-widget elementor-widget-heading\" data-id=\"bbf3750\" data-element_type=\"widget\" data-widget_type=\"heading.default\">\n\t\t\t\t<div class=\"elementor-widget-container\">\n\t\t\t<h5 class=\"elementor-heading-title elementor-size-default\"><span class=\"elementor-heading-title elementor-size-default\" style=\"caret-color: rgb(0, 0, 0); text-transform: none; white-space: normal; font-size: 1.25rem;\">Legisla\u021bia din Republica Moldova<\/span><\/h5>\t\t<\/div>\n\t\t\t\t<\/div>\n\t\t\t\t<div class=\"elementor-element elementor-element-6ef2f6a elementor-icon-list--layout-traditional elementor-list-item-link-full_width elementor-widget elementor-widget-icon-list\" data-id=\"6ef2f6a\" data-element_type=\"widget\" data-widget_type=\"icon-list.default\">\n\t\t\t\t<div class=\"elementor-widget-container\">\n\t\t\t\t\t<ul class=\"elementor-icon-list-items\">\n\t\t\t\t\t\t\t<li class=\"elementor-icon-list-item\">\n\t\t\t\t\t\t\t\t\t\t\t<a href=\"https:\/\/www.legis.md\/cautare\/getResults?doc_id=138913&#038;lang=ro\">\n\n\t\t\t\t\t\t\t\t\t\t\t\t<span class=\"elementor-icon-list-icon\">\n\t\t\t\t\t\t\t<i aria-hidden=\"true\" class=\"far fa-building\"><\/i>\t\t\t\t\t\t<\/span>\n\t\t\t\t\t\t\t\t\t\t<span class=\"elementor-icon-list-text\">LEGEA Nr. 115 din 09.06.2005 cu privire la produc\u0163ia agroalimentar\u0103 ecologic\u0103<\/span>\n\t\t\t\t\t\t\t\t\t\t\t<\/a>\n\t\t\t\t\t\t\t\t\t<\/li>\n\t\t\t\t\t\t\t\t<li class=\"elementor-icon-list-item\">\n\t\t\t\t\t\t\t\t\t\t\t<a href=\"http:\/\/lex.justice.md\/md\/327537\/\">\n\n\t\t\t\t\t\t\t\t\t\t\t\t<span class=\"elementor-icon-list-icon\">\n\t\t\t\t\t\t\t<i aria-hidden=\"true\" class=\"fas fa-gavel\"><\/i>\t\t\t\t\t\t<\/span>\n\t\t\t\t\t\t\t\t\t\t<span class=\"elementor-icon-list-text\">HOT\u0102R\u00ceRE Nr. 149 din  10.02.2006 pentru implementarea Legii cu privire la produc\u0163ia agroalimentar\u0103 ecologic\u0103<\/span>\n\t\t\t\t\t\t\t\t\t\t\t<\/a>\n\t\t\t\t\t\t\t\t\t<\/li>\n\t\t\t\t\t\t\t\t<li class=\"elementor-icon-list-item\">\n\t\t\t\t\t\t\t\t\t\t\t<a href=\"https:\/\/movca.org\/wp-content\/uploads\/2022\/05\/proiect-de-lege-14042022-6257eb73bfcd6.docx\">\n\n\t\t\t\t\t\t\t\t\t\t\t\t<span class=\"elementor-icon-list-icon\">\n\t\t\t\t\t\t\t<i aria-hidden=\"true\" class=\"fas fa-project-diagram\"><\/i>\t\t\t\t\t\t<\/span>\n\t\t\t\t\t\t\t\t\t\t<span class=\"elementor-icon-list-text\">Proiect de Lege privind produc\u0163ia agroalimentar\u0103 ecologic\u0103 \u015fi etichetarea produselor ecologice<\/span>\n\t\t\t\t\t\t\t\t\t\t\t<\/a>\n\t\t\t\t\t\t\t\t\t<\/li>\n\t\t\t\t\t\t<\/ul>\n\t\t\t\t<\/div>\n\t\t\t\t<\/div>\n\t\t\t\t\t<\/div>\n\t\t<\/div>\n\t\t\t\t\t\t\t<\/div>\n\t\t<\/section>\n\t\t\t\t\t\t\t<\/div>\n\t\t","protected":false},"excerpt":{"rendered":"<p>Legi \u0219i regulamente ale agriculturii ecologice Regulamentele Uniunii Europene REGULAMENTUL (UE) NR. 848\/2018privind produc\u021bia ecologic\u0103 \u0219i etichetarea produselor ecologice \u0219i de abrogare a Regulamentului (CE) nr. 834\/2007 al Consiliului REGULAMENTUL (CE) NR. 834\/2007privind produc\u021bia ecologic\u0103 \u0219i etichetarea produselor ecologice REGULAMENT (CE) NR. 889\/2008de stabilire a normelor de aplicare a Regulamentului (CE) nr. 834\/2007 al Consiliului [&hellip;]<\/p>\n","protected":false},"author":1,"featured_media":0,"parent":31,"menu_order":0,"comment_status":"closed","ping_status":"closed","template":"","meta":{"footnotes":""},"class_list":["post-5231","page","type-page","status-publish","hentry"],"_links":{"self":[{"href":"https:\/\/movca.md\/ro\/wp-json\/wp\/v2\/pages\/5231","targetHints":{"allow":["GET"]}}],"collection":[{"href":"https:\/\/movca.md\/ro\/wp-json\/wp\/v2\/pages"}],"about":[{"href":"https:\/\/movca.md\/ro\/wp-json\/wp\/v2\/types\/page"}],"author":[{"embeddable":true,"href":"https:\/\/movca.md\/ro\/wp-json\/wp\/v2\/users\/1"}],"replies":[{"embeddable":true,"href":"https:\/\/movca.md\/ro\/wp-json\/wp\/v2\/comments?post=5231"}],"version-history":[{"count":26,"href":"https:\/\/movca.md\/ro\/wp-json\/wp\/v2\/pages\/5231\/revisions"}],"predecessor-version":[{"id":6999,"href":"https:\/\/movca.md\/ro\/wp-json\/wp\/v2\/pages\/5231\/revisions\/6999"}],"up":[{"embeddable":true,"href":"https:\/\/movca.md\/ro\/wp-json\/wp\/v2\/pages\/31"}],"wp:attachment":[{"href":"https:\/\/movca.md\/ro\/wp-json\/wp\/v2\/media?parent=5231"}],"curies":[{"name":"wp","href":"https:\/\/api.w.org\/{rel}","templated":true}]}}