{"id":6384,"date":"2022-08-03T05:13:52","date_gmt":"2022-08-03T05:13:52","guid":{"rendered":"https:\/\/movca.md\/?page_id=6384"},"modified":"2022-08-03T05:18:34","modified_gmt":"2022-08-03T05:18:34","slug":"interviuri","status":"publish","type":"page","link":"https:\/\/movca.md\/ro\/interviuri\/","title":{"rendered":"Interviuri"},"content":{"rendered":"\t\t<div data-elementor-type=\"wp-page\" data-elementor-id=\"6384\" class=\"elementor elementor-6384\">\n\t\t\t\t\t\t\t\t\t<section class=\"elementor-section elementor-top-section elementor-element elementor-element-9dedf4e elementor-section-boxed elementor-section-height-default elementor-section-height-default\" data-id=\"9dedf4e\" data-element_type=\"section\">\n\t\t\t\t\t\t<div class=\"elementor-container elementor-column-gap-default\">\n\t\t\t\t\t<div class=\"elementor-column elementor-col-100 elementor-top-column elementor-element elementor-element-c0ac877\" data-id=\"c0ac877\" data-element_type=\"column\">\n\t\t\t<div class=\"elementor-widget-wrap elementor-element-populated\">\n\t\t\t\t\t\t\t\t<div class=\"elementor-element elementor-element-e2e1d17 elementor-widget elementor-widget-heading\" data-id=\"e2e1d17\" data-element_type=\"widget\" data-widget_type=\"heading.default\">\n\t\t\t\t<div class=\"elementor-widget-container\">\n\t\t\t<style>\/*! elementor - v3.6.6 - 08-06-2022 *\/\n.elementor-heading-title{padding:0;margin:0;line-height:1}.elementor-widget-heading .elementor-heading-title[class*=elementor-size-]>a{color:inherit;font-size:inherit;line-height:inherit}.elementor-widget-heading .elementor-heading-title.elementor-size-small{font-size:15px}.elementor-widget-heading .elementor-heading-title.elementor-size-medium{font-size:19px}.elementor-widget-heading .elementor-heading-title.elementor-size-large{font-size:29px}.elementor-widget-heading .elementor-heading-title.elementor-size-xl{font-size:39px}.elementor-widget-heading .elementor-heading-title.elementor-size-xxl{font-size:59px}<\/style><h2 class=\"elementor-heading-title elementor-size-default\">Interviuri<\/h2>\t\t<\/div>\n\t\t\t\t<\/div>\n\t\t\t\t\t<\/div>\n\t\t<\/div>\n\t\t\t\t\t\t\t<\/div>\n\t\t<\/section>\n\t\t\t\t<section class=\"elementor-section elementor-top-section elementor-element elementor-element-3d94c19 elementor-section-boxed elementor-section-height-default elementor-section-height-default\" data-id=\"3d94c19\" data-element_type=\"section\">\n\t\t\t\t\t\t<div class=\"elementor-container elementor-column-gap-default\">\n\t\t\t\t\t<div class=\"elementor-column elementor-col-100 elementor-top-column elementor-element elementor-element-02b4225\" data-id=\"02b4225\" data-element_type=\"column\">\n\t\t\t<div class=\"elementor-widget-wrap elementor-element-populated\">\n\t\t\t\t\t\t\t\t<div class=\"elementor-element elementor-element-7226b09 elementor-grid-3 elementor-grid-tablet-2 elementor-grid-mobile-1 elementor-posts--thumbnail-top elementor-widget elementor-widget-posts\" data-id=\"7226b09\" data-element_type=\"widget\" data-settings=\"{&quot;pagination_type&quot;:&quot;load_more_infinite_scroll&quot;,&quot;classic_columns&quot;:&quot;3&quot;,&quot;classic_columns_tablet&quot;:&quot;2&quot;,&quot;classic_columns_mobile&quot;:&quot;1&quot;,&quot;classic_row_gap&quot;:{&quot;unit&quot;:&quot;px&quot;,&quot;size&quot;:35,&quot;sizes&quot;:[]},&quot;classic_row_gap_tablet&quot;:{&quot;unit&quot;:&quot;px&quot;,&quot;size&quot;:&quot;&quot;,&quot;sizes&quot;:[]},&quot;classic_row_gap_mobile&quot;:{&quot;unit&quot;:&quot;px&quot;,&quot;size&quot;:&quot;&quot;,&quot;sizes&quot;:[]},&quot;load_more_spinner&quot;:{&quot;value&quot;:&quot;fas fa-spinner&quot;,&quot;library&quot;:&quot;fa-solid&quot;}}\" data-widget_type=\"posts.classic\">\n\t\t\t\t<div class=\"elementor-widget-container\">\n\t\t\t<link rel=\"stylesheet\" href=\"http:\/\/movca.md\/wp-content\/plugins\/elementor-pro\/assets\/css\/widget-posts.min.css\">\t\t<div class=\"elementor-posts-container elementor-posts elementor-posts--skin-classic elementor-grid\">\n\t\t\t\t<article class=\"elementor-post elementor-grid-item post-6539 post type-post status-publish format-standard has-post-thumbnail hentry category-noutati tag-interviu\">\n\t\t\t\t<a class=\"elementor-post__thumbnail__link\" href=\"https:\/\/movca.md\/ro\/2022\/08\/17\/dumitru-lefter-ne-bucura-ca-tot-mai-multi-tineri-practica-agricultura-si-o-prefera-pe-cea-eco\/\" target=&quot;_blank&quot;>\n\t\t\t<div class=\"elementor-post__thumbnail\"><img loading=\"lazy\" decoding=\"async\" width=\"300\" height=\"200\" src=\"https:\/\/movca.md\/wp-content\/uploads\/2022\/08\/297649431_1264137061022908_7280390623268302332_n-300x200.jpg\" class=\"attachment-medium size-medium\" alt=\"\" \/><\/div>\n\t\t<\/a>\n\t\t\t\t<div class=\"elementor-post__text\">\n\t\t\t\t<h3 class=\"elementor-post__title\">\n\t\t\t<a href=\"https:\/\/movca.md\/ro\/2022\/08\/17\/dumitru-lefter-ne-bucura-ca-tot-mai-multi-tineri-practica-agricultura-si-o-prefera-pe-cea-eco\/\" target=&quot;_blank&quot;>\n\t\t\t\tDumitru LEFTER: Agricultura ecologic\u0103 este cheia spre un sistem agricol sustenabil\t\t\t<\/a>\n\t\t<\/h3>\n\t\t\t\t<div class=\"elementor-post__meta-data\">\n\t\t\t\t\t<span class=\"elementor-post-author\">\n\t\t\tRazvan Bunescu\t\t<\/span>\n\t\t\t\t<span class=\"elementor-post-date\">\n\t\t\taugust 17, 2022\t\t<\/span>\n\t\t\t\t<\/div>\n\t\t\t\t<div class=\"elementor-post__excerpt\">\n\t\t\t<p>Interviu cu Dumitru Lefter, membru al Consiliului MOVCA Dumitru Lefter reprezint\u0103 compania moldo-olandez\u0103 S.R.L. \u201ePrograin Organic\u201d. Este \u0219i directorul Centrului de mediere al Camerei de<\/p>\n\t\t<\/div>\n\t\t\t\t\t<a class=\"elementor-post__read-more\" href=\"https:\/\/movca.md\/ro\/2022\/08\/17\/dumitru-lefter-ne-bucura-ca-tot-mai-multi-tineri-practica-agricultura-si-o-prefera-pe-cea-eco\/\" target=\"_blank\">\n\t\t\t\tCite\u0219te mai mult \u00bb\t\t\t<\/a>\n\t\t\t\t<\/div>\n\t\t\t\t<\/article>\n\t\t\t\t<article class=\"elementor-post elementor-grid-item post-6527 post type-post status-publish format-standard has-post-thumbnail hentry category-noutati tag-interviu\">\n\t\t\t\t<a class=\"elementor-post__thumbnail__link\" href=\"https:\/\/movca.md\/ro\/2022\/08\/11\/aneta-ganenco-pe-rafturile-magazinelor-ar-trebui-sa-apara-sectii-destinate-produselor-ecologice\/\" target=&quot;_blank&quot;>\n\t\t\t<div class=\"elementor-post__thumbnail\"><img loading=\"lazy\" decoding=\"async\" width=\"300\" height=\"225\" src=\"https:\/\/movca.md\/wp-content\/uploads\/2022\/08\/297485461_3110772769234454_643191990261428378_n-300x225.jpg\" class=\"attachment-medium size-medium\" alt=\"\" \/><\/div>\n\t\t<\/a>\n\t\t\t\t<div class=\"elementor-post__text\">\n\t\t\t\t<h3 class=\"elementor-post__title\">\n\t\t\t<a href=\"https:\/\/movca.md\/ro\/2022\/08\/11\/aneta-ganenco-pe-rafturile-magazinelor-ar-trebui-sa-apara-sectii-destinate-produselor-ecologice\/\" target=&quot;_blank&quot;>\n\t\t\t\tAneta Ganenco: Pe rafturile magazinelor ar trebui s\u0103 apar\u0103 sec\u021bii destinate produselor ecologice\t\t\t<\/a>\n\t\t<\/h3>\n\t\t\t\t<div class=\"elementor-post__meta-data\">\n\t\t\t\t\t<span class=\"elementor-post-author\">\n\t\t\tRazvan Bunescu\t\t<\/span>\n\t\t\t\t<span class=\"elementor-post-date\">\n\t\t\taugust 11, 2022\t\t<\/span>\n\t\t\t\t<\/div>\n\t\t\t\t<div class=\"elementor-post__excerpt\">\n\t\t\t<p>Interviu cu Aneta Ganenco, membru al Consiliului MOVCA Aneta Ganenco este produc\u0103tor agricol \u0219i procesator, dar \u0219i membru al Consiliului MOVCA. Este \u0219i pre\u0219edinta Asocia\u021biei<\/p>\n\t\t<\/div>\n\t\t\t\t\t<a class=\"elementor-post__read-more\" href=\"https:\/\/movca.md\/ro\/2022\/08\/11\/aneta-ganenco-pe-rafturile-magazinelor-ar-trebui-sa-apara-sectii-destinate-produselor-ecologice\/\" target=\"_blank\">\n\t\t\t\tCite\u0219te mai mult \u00bb\t\t\t<\/a>\n\t\t\t\t<\/div>\n\t\t\t\t<\/article>\n\t\t\t\t<article class=\"elementor-post elementor-grid-item post-6340 post type-post status-publish format-standard has-post-thumbnail hentry category-noutati tag-interviu\">\n\t\t\t\t<a class=\"elementor-post__thumbnail__link\" href=\"https:\/\/movca.md\/ro\/2022\/08\/02\/alexandr-perjan-am-vrea-sa-contribuim-la-renasterea-satului-sub-o-alta-forma\/\" target=&quot;_blank&quot;>\n\t\t\t<div class=\"elementor-post__thumbnail\"><img loading=\"lazy\" decoding=\"async\" width=\"300\" height=\"200\" src=\"https:\/\/movca.md\/wp-content\/uploads\/2022\/08\/295642856_3173156176267969_2552727033081005033_n-300x200.jpg\" class=\"attachment-medium size-medium\" alt=\"\" \/><\/div>\n\t\t<\/a>\n\t\t\t\t<div class=\"elementor-post__text\">\n\t\t\t\t<h3 class=\"elementor-post__title\">\n\t\t\t<a href=\"https:\/\/movca.md\/ro\/2022\/08\/02\/alexandr-perjan-am-vrea-sa-contribuim-la-renasterea-satului-sub-o-alta-forma\/\" target=&quot;_blank&quot;>\n\t\t\t\tAlexandr Perjan: Am vrea s\u0103 contribuim la rena\u0219terea satului sub o alt\u0103 form\u0103\t\t\t<\/a>\n\t\t<\/h3>\n\t\t\t\t<div class=\"elementor-post__meta-data\">\n\t\t\t\t\t<span class=\"elementor-post-author\">\n\t\t\tRazvan Bunescu\t\t<\/span>\n\t\t\t\t<span class=\"elementor-post-date\">\n\t\t\taugust 2, 2022\t\t<\/span>\n\t\t\t\t<\/div>\n\t\t\t\t<div class=\"elementor-post__excerpt\">\n\t\t\t<p>Alexandr Perjan este administratorul Companiei \u201eEuroalun\u201d \u0219i, \u00een afar\u0103 de agricultura ecologic\u0103, mai este pasionat de schimbare \u0219i de modernitate. Una din cele mai ambi\u021bioase<\/p>\n\t\t<\/div>\n\t\t\t\t\t<a class=\"elementor-post__read-more\" href=\"https:\/\/movca.md\/ro\/2022\/08\/02\/alexandr-perjan-am-vrea-sa-contribuim-la-renasterea-satului-sub-o-alta-forma\/\" target=\"_blank\">\n\t\t\t\tCite\u0219te mai mult \u00bb\t\t\t<\/a>\n\t\t\t\t<\/div>\n\t\t\t\t<\/article>\n\t\t\t\t<article class=\"elementor-post elementor-grid-item post-6048 post type-post status-publish format-standard has-post-thumbnail hentry category-istorii-de-succes category-noutati tag-interviu\">\n\t\t\t\t<a class=\"elementor-post__thumbnail__link\" href=\"https:\/\/movca.md\/ro\/2022\/06\/21\/tatiana-nistorica-agricultura-ecologica-trebuie-sa-devina-atractiva-pentru-investitii-sa-fie-sustinuta-de-catre-stat-si-donatori\/\" target=&quot;_blank&quot;>\n\t\t\t<div class=\"elementor-post__thumbnail\"><img loading=\"lazy\" decoding=\"async\" width=\"225\" height=\"300\" src=\"https:\/\/movca.md\/wp-content\/uploads\/2022\/06\/287907184_1019196048782908_5303712241097264421_n-225x300.jpg\" class=\"attachment-medium size-medium\" alt=\"\" \/><\/div>\n\t\t<\/a>\n\t\t\t\t<div class=\"elementor-post__text\">\n\t\t\t\t<h3 class=\"elementor-post__title\">\n\t\t\t<a href=\"https:\/\/movca.md\/ro\/2022\/06\/21\/tatiana-nistorica-agricultura-ecologica-trebuie-sa-devina-atractiva-pentru-investitii-sa-fie-sustinuta-de-catre-stat-si-donatori\/\" target=&quot;_blank&quot;>\n\t\t\t\tTatiana NISTORIC\u0102: Agricultura ecologic\u0103 trebuie s\u0103 devin\u0103 atractiv\u0103 pentru investi\u021bii, s\u0103 fie sus\u021binut\u0103 de c\u0103tre stat \u0219i donatori\t\t\t<\/a>\n\t\t<\/h3>\n\t\t\t\t<div class=\"elementor-post__meta-data\">\n\t\t\t\t\t<span class=\"elementor-post-author\">\n\t\t\tRazvan Bunescu\t\t<\/span>\n\t\t\t\t<span class=\"elementor-post-date\">\n\t\t\tiunie 21, 2022\t\t<\/span>\n\t\t\t\t<\/div>\n\t\t\t\t<div class=\"elementor-post__excerpt\">\n\t\t\t<p>Interviu cu Tatiana Nistoric\u0103,&nbsp;pre\u0219edinta Asocia\u021biei MOVCA \u0219i consultant na\u021bional pentru certificarea veterinar\u0103 \u0219i siguran\u021ba alimentelor, dar \u0219i pentru lan\u021burile valorice ale rumeg\u0103toarelor mici \u00een cadrul<\/p>\n\t\t<\/div>\n\t\t\t\t\t<a class=\"elementor-post__read-more\" href=\"https:\/\/movca.md\/ro\/2022\/06\/21\/tatiana-nistorica-agricultura-ecologica-trebuie-sa-devina-atractiva-pentru-investitii-sa-fie-sustinuta-de-catre-stat-si-donatori\/\" target=\"_blank\">\n\t\t\t\tCite\u0219te mai mult \u00bb\t\t\t<\/a>\n\t\t\t\t<\/div>\n\t\t\t\t<\/article>\n\t\t\t\t<article class=\"elementor-post elementor-grid-item post-5799 post type-post status-publish format-standard has-post-thumbnail hentry category-istorii-de-succes category-noutati tag-interviu\">\n\t\t\t\t<a class=\"elementor-post__thumbnail__link\" href=\"https:\/\/movca.md\/ro\/2022\/06\/09\/spartac-chilat-ne-dorim-ca-tara-noastra-sa-se-afirme-pe-piata-externa-ca-furnizor-de-produse-agroalimentare-ecologice-cu-valoare-adaugata\/\" target=&quot;_blank&quot;>\n\t\t\t<div class=\"elementor-post__thumbnail\"><img loading=\"lazy\" decoding=\"async\" width=\"300\" height=\"200\" src=\"https:\/\/movca.md\/wp-content\/uploads\/2022\/06\/Spartac-Chilat-portret-300x200.jpg\" class=\"attachment-medium size-medium\" alt=\"\" \/><\/div>\n\t\t<\/a>\n\t\t\t\t<div class=\"elementor-post__text\">\n\t\t\t\t<h3 class=\"elementor-post__title\">\n\t\t\t<a href=\"https:\/\/movca.md\/ro\/2022\/06\/09\/spartac-chilat-ne-dorim-ca-tara-noastra-sa-se-afirme-pe-piata-externa-ca-furnizor-de-produse-agroalimentare-ecologice-cu-valoare-adaugata\/\" target=&quot;_blank&quot;>\n\t\t\t\tSpartac CHILAT: Ne dorim ca \u021bara noastr\u0103 s\u0103 se afirme pe pia\u021ba extern\u0103 ca furnizor de produse agroalimentare ecologice cu valoare ad\u0103ugat\u0103\t\t\t<\/a>\n\t\t<\/h3>\n\t\t\t\t<div class=\"elementor-post__meta-data\">\n\t\t\t\t\t<span class=\"elementor-post-author\">\n\t\t\tRazvan Bunescu\t\t<\/span>\n\t\t\t\t<span class=\"elementor-post-date\">\n\t\t\tiunie 9, 2022\t\t<\/span>\n\t\t\t\t<\/div>\n\t\t\t\t<div class=\"elementor-post__excerpt\">\n\t\t\t<p>Interviu cu Spartac Chilat, cofondator al grupului de companii Prograin Organic, fondator, iar \u00een prezent \u0219i cenzor al Asocia\u021biei MOVCA \u2013 Ce a\u0219tept\u0103ri ave\u021bi de<\/p>\n\t\t<\/div>\n\t\t\t\t\t<a class=\"elementor-post__read-more\" href=\"https:\/\/movca.md\/ro\/2022\/06\/09\/spartac-chilat-ne-dorim-ca-tara-noastra-sa-se-afirme-pe-piata-externa-ca-furnizor-de-produse-agroalimentare-ecologice-cu-valoare-adaugata\/\" target=\"_blank\">\n\t\t\t\tCite\u0219te mai mult \u00bb\t\t\t<\/a>\n\t\t\t\t<\/div>\n\t\t\t\t<\/article>\n\t\t\t\t<article class=\"elementor-post elementor-grid-item post-5796 post type-post status-publish format-standard has-post-thumbnail hentry category-noutati tag-interviu\">\n\t\t\t\t<a class=\"elementor-post__thumbnail__link\" href=\"https:\/\/movca.md\/ro\/2022\/05\/26\/constantin-stratan-gratie-unui-parteneriat-stabilit-la-biofach-in-iunie-am-putea-exporta-in-premiera-vin-ecologic\/\" target=&quot;_blank&quot;>\n\t\t\t<div class=\"elementor-post__thumbnail\"><img loading=\"lazy\" decoding=\"async\" width=\"300\" height=\"253\" src=\"https:\/\/movca.md\/wp-content\/uploads\/2022\/05\/CostiStratan-300x253.jpg\" class=\"attachment-medium size-medium\" alt=\"\" \/><\/div>\n\t\t<\/a>\n\t\t\t\t<div class=\"elementor-post__text\">\n\t\t\t\t<h3 class=\"elementor-post__title\">\n\t\t\t<a href=\"https:\/\/movca.md\/ro\/2022\/05\/26\/constantin-stratan-gratie-unui-parteneriat-stabilit-la-biofach-in-iunie-am-putea-exporta-in-premiera-vin-ecologic\/\" target=&quot;_blank&quot;>\n\t\t\t\tConstantin STRATAN: Gra\u021bie unui parteneriat stabilit la Biofach, \u00een iunie am putea exporta \u00een premier\u0103 vin ecologic\t\t\t<\/a>\n\t\t<\/h3>\n\t\t\t\t<div class=\"elementor-post__meta-data\">\n\t\t\t\t\t<span class=\"elementor-post-author\">\n\t\t\tRazvan Bunescu\t\t<\/span>\n\t\t\t\t<span class=\"elementor-post-date\">\n\t\t\tmai 26, 2022\t\t<\/span>\n\t\t\t\t<\/div>\n\t\t\t\t<div class=\"elementor-post__excerpt\">\n\t\t\t<p>Interviu cu fondatorul SRL \u201eCrama Domneasc\u0103\u201d \u0219i al brandului\u00a0\u201eEquinox\u201d, Constantin Stratan, primul \u0219i singurul produc\u0103tor de vin ecologic din Republica Moldova, membru al Asocia\u021biei MOVCA<\/p>\n\t\t<\/div>\n\t\t\t\t\t<a class=\"elementor-post__read-more\" href=\"https:\/\/movca.md\/ro\/2022\/05\/26\/constantin-stratan-gratie-unui-parteneriat-stabilit-la-biofach-in-iunie-am-putea-exporta-in-premiera-vin-ecologic\/\" target=\"_blank\">\n\t\t\t\tCite\u0219te mai mult \u00bb\t\t\t<\/a>\n\t\t\t\t<\/div>\n\t\t\t\t<\/article>\n\t\t\t\t<\/div>\n\n\n\t\t\t\t\t<span class=\"e-load-more-spinner\">\n\t\t\t\t<i aria-hidden=\"true\" class=\"fas fa-spinner\"><\/i>\t\t\t<\/span>\n\t\t\n\t\t\t\t<div class=\"e-load-more-anchor\" data-page=\"1\" data-max-page=\"2\" data-next-page=\"https:\/\/movca.md\/ro\/wp-json\/wp\/v2\/pages\/6384\/page\/2\/\"><\/div>\n\t\t\t\t<div class=\"e-load-more-message\">No more posts to show<\/div>\n\t\t\t\t<\/div>\n\t\t\t\t<\/div>\n\t\t\t\t\t<\/div>\n\t\t<\/div>\n\t\t\t\t\t\t\t<\/div>\n\t\t<\/section>\n\t\t\t\t\t\t\t<\/div>\n\t\t","protected":false},"excerpt":{"rendered":"<p>Interviuri<\/p>\n","protected":false},"author":1,"featured_media":0,"parent":0,"menu_order":0,"comment_status":"closed","ping_status":"closed","template":"elementor_header_footer","meta":{"footnotes":""},"class_list":["post-6384","page","type-page","status-publish","hentry"],"_links":{"self":[{"href":"https:\/\/movca.md\/ro\/wp-json\/wp\/v2\/pages\/6384","targetHints":{"allow":["GET"]}}],"collection":[{"href":"https:\/\/movca.md\/ro\/wp-json\/wp\/v2\/pages"}],"about":[{"href":"https:\/\/movca.md\/ro\/wp-json\/wp\/v2\/types\/page"}],"author":[{"embeddable":true,"href":"https:\/\/movca.md\/ro\/wp-json\/wp\/v2\/users\/1"}],"replies":[{"embeddable":true,"href":"https:\/\/movca.md\/ro\/wp-json\/wp\/v2\/comments?post=6384"}],"version-history":[{"count":4,"href":"https:\/\/movca.md\/ro\/wp-json\/wp\/v2\/pages\/6384\/revisions"}],"predecessor-version":[{"id":6390,"href":"https:\/\/movca.md\/ro\/wp-json\/wp\/v2\/pages\/6384\/revisions\/6390"}],"wp:attachment":[{"href":"https:\/\/movca.md\/ro\/wp-json\/wp\/v2\/media?parent=6384"}],"curies":[{"name":"wp","href":"https:\/\/api.w.org\/{rel}","templated":true}]}}