{"id":6610,"date":"2022-09-08T17:58:47","date_gmt":"2022-09-08T14:58:47","guid":{"rendered":"https:\/\/movca.md\/?page_id=6610"},"modified":"2022-09-08T18:01:19","modified_gmt":"2022-09-08T15:01:19","slug":"elementor-6610","status":"publish","type":"page","link":"https:\/\/movca.md\/ro\/elementor-6610\/","title":{"rendered":"Elementor #6610"},"content":{"rendered":"\t\t<div data-elementor-type=\"wp-post\" data-elementor-id=\"6610\" class=\"elementor elementor-6610\">\n\t\t\t\t\t\t\t\t\t<section class=\"elementor-section elementor-top-section elementor-element elementor-element-7a95860 elementor-section-boxed elementor-section-height-default elementor-section-height-default\" data-id=\"7a95860\" data-element_type=\"section\">\n\t\t\t\t\t\t<div class=\"elementor-container elementor-column-gap-default\">\n\t\t\t\t\t<div class=\"elementor-column elementor-col-100 elementor-top-column elementor-element elementor-element-cd23580\" data-id=\"cd23580\" data-element_type=\"column\">\n\t\t\t<div class=\"elementor-widget-wrap elementor-element-populated\">\n\t\t\t\t\t\t\t\t<div class=\"elementor-element elementor-element-8550d26 elementor-widget elementor-widget-heading\" data-id=\"8550d26\" data-element_type=\"widget\" data-widget_type=\"heading.default\">\n\t\t\t\t<div class=\"elementor-widget-container\">\n\t\t\t<style>\/*! elementor - v3.6.6 - 08-06-2022 *\/\n.elementor-heading-title{padding:0;margin:0;line-height:1}.elementor-widget-heading .elementor-heading-title[class*=elementor-size-]>a{color:inherit;font-size:inherit;line-height:inherit}.elementor-widget-heading .elementor-heading-title.elementor-size-small{font-size:15px}.elementor-widget-heading .elementor-heading-title.elementor-size-medium{font-size:19px}.elementor-widget-heading .elementor-heading-title.elementor-size-large{font-size:29px}.elementor-widget-heading .elementor-heading-title.elementor-size-xl{font-size:39px}.elementor-widget-heading .elementor-heading-title.elementor-size-xxl{font-size:59px}<\/style><h2 class=\"elementor-heading-title elementor-size-default\"><p style=\"margin-top:12.0pt;margin-right:0in;margin-bottom:\n0in;margin-left:0in;margin-bottom:.0001pt;line-height:normal\"><b><span lang=\"RO-MO\" style=\"font-size:12.0pt;\nmso-bidi-font-family:Calibri;mso-bidi-theme-font:minor-latin;mso-ansi-language:\nRO-MO\">Adunarea Membrilor MOVCA a aprobat noul statut al asocia\u021biei<o:p><\/o:p><\/span><\/b><\/p><\/h2>\t\t<\/div>\n\t\t\t\t<\/div>\n\t\t\t\t\t<\/div>\n\t\t<\/div>\n\t\t\t\t\t\t\t<\/div>\n\t\t<\/section>\n\t\t\t\t<section class=\"elementor-section elementor-top-section elementor-element elementor-element-9f0d4fa elementor-section-boxed elementor-section-height-default elementor-section-height-default\" data-id=\"9f0d4fa\" data-element_type=\"section\">\n\t\t\t\t\t\t<div class=\"elementor-container elementor-column-gap-default\">\n\t\t\t\t\t<div class=\"elementor-column elementor-col-100 elementor-top-column elementor-element elementor-element-3b443cd\" data-id=\"3b443cd\" data-element_type=\"column\">\n\t\t\t<div class=\"elementor-widget-wrap elementor-element-populated\">\n\t\t\t\t\t\t\t\t<div class=\"elementor-element elementor-element-c920d0d elementor-widget elementor-widget-image\" data-id=\"c920d0d\" data-element_type=\"widget\" data-widget_type=\"image.default\">\n\t\t\t\t<div class=\"elementor-widget-container\">\n\t\t\t<style>\/*! elementor - v3.6.6 - 08-06-2022 *\/\n.elementor-widget-image{text-align:center}.elementor-widget-image a{display:inline-block}.elementor-widget-image a img[src$=\".svg\"]{width:48px}.elementor-widget-image img{vertical-align:middle;display:inline-block}<\/style>\t\t\t\t\t\t\t\t\t\t\t\t<img loading=\"lazy\" decoding=\"async\" width=\"1024\" height=\"588\" src=\"https:\/\/movca.md\/wp-content\/uploads\/2022\/09\/AdunMembrilorMOVCA-1024x588.png\" class=\"attachment-large size-large\" alt=\"\" srcset=\"https:\/\/movca.md\/wp-content\/uploads\/2022\/09\/AdunMembrilorMOVCA-1024x588.png 1024w, https:\/\/movca.md\/wp-content\/uploads\/2022\/09\/AdunMembrilorMOVCA-300x172.png 300w, https:\/\/movca.md\/wp-content\/uploads\/2022\/09\/AdunMembrilorMOVCA-768x441.png 768w, https:\/\/movca.md\/wp-content\/uploads\/2022\/09\/AdunMembrilorMOVCA-18x10.png 18w, https:\/\/movca.md\/wp-content\/uploads\/2022\/09\/AdunMembrilorMOVCA.png 1368w\" sizes=\"auto, (max-width: 1024px) 100vw, 1024px\" \/>\t\t\t\t\t\t\t\t\t\t\t\t\t\t\t<\/div>\n\t\t\t\t<\/div>\n\t\t\t\t\t<\/div>\n\t\t<\/div>\n\t\t\t\t\t\t\t<\/div>\n\t\t<\/section>\n\t\t\t\t<section class=\"elementor-section elementor-top-section elementor-element elementor-element-bdc4a8c elementor-section-boxed elementor-section-height-default elementor-section-height-default\" data-id=\"bdc4a8c\" data-element_type=\"section\">\n\t\t\t\t\t\t<div class=\"elementor-container elementor-column-gap-default\">\n\t\t\t\t\t<div class=\"elementor-column elementor-col-100 elementor-top-column elementor-element elementor-element-36c53eb\" data-id=\"36c53eb\" data-element_type=\"column\">\n\t\t\t<div class=\"elementor-widget-wrap elementor-element-populated\">\n\t\t\t\t\t\t\t\t<div class=\"elementor-element elementor-element-646cf5d elementor-widget elementor-widget-text-editor\" data-id=\"646cf5d\" data-element_type=\"widget\" data-widget_type=\"text-editor.default\">\n\t\t\t\t<div class=\"elementor-widget-container\">\n\t\t\t<style>\/*! elementor - v3.6.6 - 08-06-2022 *\/\n.elementor-widget-text-editor.elementor-drop-cap-view-stacked .elementor-drop-cap{background-color:#818a91;color:#fff}.elementor-widget-text-editor.elementor-drop-cap-view-framed .elementor-drop-cap{color:#818a91;border:3px solid;background-color:transparent}.elementor-widget-text-editor:not(.elementor-drop-cap-view-default) .elementor-drop-cap{margin-top:8px}.elementor-widget-text-editor:not(.elementor-drop-cap-view-default) .elementor-drop-cap-letter{width:1em;height:1em}.elementor-widget-text-editor .elementor-drop-cap{float:left;text-align:center;line-height:1;font-size:50px}.elementor-widget-text-editor .elementor-drop-cap-letter{display:inline-block}<\/style>\t\t\t\t<p><span style=\"font-size: 12pt; color: var( --e-global-color-text ); font-family: var( --e-global-typography-text-font-family ), roboto; font-weight: var( --e-global-typography-text-font-weight ); background-color: var(--wp--preset--color--background);\">Adunarea Membrilor MOVCA, convocat\u0103 joi, 8 septembrie, a aprobat noul statut al asocia\u021biei \u0219i a reconfirmat organele de conducere.<\/span><\/p><p style=\"line-height: normal; margin: 12.0pt 0in .0001pt 0in;\"><span lang=\"RO-MO\" style=\"font-size: 12.0pt; mso-bidi-font-family: Calibri; mso-bidi-theme-font: minor-latin; mso-ansi-language: RO-MO;\">Dup\u0103 cum s-a men\u021bionat \u00een cadrul adun\u0103rii, noul statut prevede reorganizarea MOVCA din asocia\u021bie patronal\u0103 \u00een ob\u0219teasc\u0103. Acest lucru permite, \u00eentre altele, ca <span style=\"background-image: initial; background-position: initial; background-size: initial; background-repeat: initial; background-attachment: initial; background-origin: initial; background-clip: initial;\">doritorii s\u0103 poat\u0103 direc\u021biona c\u0103tre MOVCA dou\u0103 procente din impozitul anual pe venit al persoanelor fizice<\/span><\/span><span style=\"font-size: 12pt; background-image: initial; background-position: initial; background-size: initial; background-repeat: initial; background-attachment: initial; background-origin: initial; background-clip: initial;\">.<\/span><\/p><p style=\"line-height: normal; margin: 12.0pt 0in .0001pt 0in;\"><span lang=\"RO-MO\" style=\"font-size: 12.0pt; mso-bidi-font-family: Calibri; mso-bidi-theme-font: minor-latin; mso-ansi-language: RO-MO;\">Totodat\u0103, dup\u0103 reorganizare, organele de conducere ale asocia\u021biei au fost reconfirmare \u00een aceea\u0219i componen\u021b\u0103. <\/span><\/p><p style=\"line-height: normal; margin: 12.0pt 0in .0001pt 0in;\"><span lang=\"RO-MO\" style=\"font-size: 12.0pt; mso-bidi-font-family: Calibri; mso-bidi-theme-font: minor-latin; mso-ansi-language: RO-MO;\">Conform ordinii de zi, participan\u021bii la adunare au aprobat \u0219i noile cotiza\u021bii de membru propuse \u0219i votate la una din \u0219edin\u021bele recente ale Consiliului MOVCA.<\/span><\/p><p style=\"line-height: normal; margin: 12.0pt 0in .0001pt 0in;\"><span lang=\"RO-MO\" style=\"font-size: 12.0pt; mso-bidi-font-family: Calibri; mso-bidi-theme-font: minor-latin; mso-ansi-language: RO-MO;\">\u00cen context, s-a anun\u021bat c\u0103 Victoria Ceban demisioneaz\u0103 din proprie ini\u021biativ\u0103 din func\u021bia de director executiv al Asocia\u021biei MOVCA. Cu acest prilej, participan\u021bii la Adunarea Membrilor MOVCA i-au mul\u021bumit pentru munca depus\u0103 \u0219i i-au urat succes.<\/span><\/p><p style=\"line-height: normal; margin: 12.0pt 0in .0001pt 0in;\"><span lang=\"RO-MO\" style=\"font-size: 12.0pt; mso-bidi-font-family: Calibri; mso-bidi-theme-font: minor-latin; mso-ansi-language: RO-MO;\">La r\u00e2ndul s\u0103u, Victoria Ceban a remarcat c\u0103 i-a f\u0103cut pl\u0103cere s\u0103 activeze \u00eentr-o organiza\u021bie care \u00eentrune\u0219te o echip\u0103 de profesioni\u0219ti dornic\u0103 de a face schimb\u0103ri \u0219i a contribui la dezvoltarea agriculturii ecologice din \u021bara noastr\u0103.\u00a0<\/span><\/p>\t\t\t\t\t\t<\/div>\n\t\t\t\t<\/div>\n\t\t\t\t\t<\/div>\n\t\t<\/div>\n\t\t\t\t\t\t\t<\/div>\n\t\t<\/section>\n\t\t\t\t\t\t\t<\/div>\n\t\t","protected":false},"excerpt":{"rendered":"<p>Adunarea Membrilor MOVCA a aprobat noul statut al asocia\u021biei Adunarea Membrilor MOVCA, convocat\u0103 joi, 8 septembrie, a aprobat noul statut al asocia\u021biei \u0219i a reconfirmat organele de conducere. Dup\u0103 cum s-a men\u021bionat \u00een cadrul adun\u0103rii, noul statut prevede reorganizarea MOVCA din asocia\u021bie patronal\u0103 \u00een ob\u0219teasc\u0103. Acest lucru permite, \u00eentre altele, ca doritorii s\u0103 poat\u0103 direc\u021biona [&hellip;]<\/p>\n","protected":false},"author":1,"featured_media":0,"parent":0,"menu_order":0,"comment_status":"closed","ping_status":"closed","template":"","meta":{"footnotes":""},"class_list":["post-6610","page","type-page","status-publish","hentry"],"_links":{"self":[{"href":"https:\/\/movca.md\/ro\/wp-json\/wp\/v2\/pages\/6610","targetHints":{"allow":["GET"]}}],"collection":[{"href":"https:\/\/movca.md\/ro\/wp-json\/wp\/v2\/pages"}],"about":[{"href":"https:\/\/movca.md\/ro\/wp-json\/wp\/v2\/types\/page"}],"author":[{"embeddable":true,"href":"https:\/\/movca.md\/ro\/wp-json\/wp\/v2\/users\/1"}],"replies":[{"embeddable":true,"href":"https:\/\/movca.md\/ro\/wp-json\/wp\/v2\/comments?post=6610"}],"version-history":[{"count":7,"href":"https:\/\/movca.md\/ro\/wp-json\/wp\/v2\/pages\/6610\/revisions"}],"predecessor-version":[{"id":6618,"href":"https:\/\/movca.md\/ro\/wp-json\/wp\/v2\/pages\/6610\/revisions\/6618"}],"wp:attachment":[{"href":"https:\/\/movca.md\/ro\/wp-json\/wp\/v2\/media?parent=6610"}],"curies":[{"name":"wp","href":"https:\/\/api.w.org\/{rel}","templated":true}]}}